{"id":272,"date":"2014-03-26T16:38:17","date_gmt":"2014-03-26T16:38:17","guid":{"rendered":"http:\/\/sabinekartiste.wordpress.com\/?page_id=272"},"modified":"2022-09-07T07:05:10","modified_gmt":"2022-09-07T06:05:10","slug":"dernieres-toiles","status":"publish","type":"page","link":"https:\/\/sabinekern.ovh\/index.php\/dernieres-toiles\/","title":{"rendered":"Derni\u00e8res toiles"},"content":{"rendered":"<p><img loading=\"lazy\" decoding=\"async\" class=\"aligncenter size-full wp-image-273\" src=\"https:\/\/sabinekern.ovh\/wp-content\/uploads\/2014\/03\/mg_3774-copie.jpg\" alt=\"Levrier\" width=\"429\" height=\"624\" \/><\/p>\n<h3 style=\"text-align: center;\"><strong>L\u00e9vrier<\/strong> huile sur toile 30X40<\/h3>\n<p><strong>\u00a0<\/strong><br \/>\n<img loading=\"lazy\" decoding=\"async\" class=\"aligncenter size-full wp-image-275\" src=\"https:\/\/sabinekern.ovh\/wp-content\/uploads\/2014\/03\/img_3327-copie.jpg\" alt=\"IMG_3327 copie\" width=\"538\" height=\"358\" \/><\/p>\n<h3 style=\"text-align: center;\"><strong>Bleu verdoyant:<\/strong> huile sur toile 60X50<\/h3>\n<p><img loading=\"lazy\" decoding=\"async\" class=\"aligncenter size-full wp-image-276\" src=\"https:\/\/sabinekern.ovh\/wp-content\/uploads\/2014\/03\/img_3334.jpg\" alt=\"IMG_3334\" width=\"538\" height=\"358\" \/><\/p>\n<h3 style=\"text-align: center;\"><strong>Sous la neige:<\/strong> huile sur toile 60X50<\/h3>\n<p><img loading=\"lazy\" decoding=\"async\" class=\"aligncenter size-full wp-image-277\" src=\"https:\/\/sabinekern.ovh\/wp-content\/uploads\/2014\/03\/sabine-kern-1.jpg\" alt=\"Sabine Kern 1\" width=\"538\" height=\"404\" \/><\/p>\n<h3 style=\"text-align: center;\"><strong>Les oeufsFa<\/strong>: huile sur toile 60X50<\/h3>\n<p>Ce qui me fait peur, c&rsquo;est que les gens deviennent une opinion collective, une conscience collective.<br \/>\nPourtant, c&rsquo;est la diversit\u00e9 et la diff\u00e9rence qui fait de nous des \u00eatres humains, je pense.<br \/>\n\u00catre similaire et parfait les uns aux autres ne font que nous rapprocher des robots sans \u00e2me qui ex\u00e9cutent aveugl\u00e9ment les ordres de la machine m\u00e8re. Cependant, il n\u2019est pas n\u00e9cessaire de trop faire le mal ni trop faire le bien pour \u00eatre diff\u00e9rent. Je pense que tout est question d\u2019\u00e9quilibre.<\/p>\n","protected":false},"excerpt":{"rendered":"<p>L\u00e9vrier huile sur toile 30X40 \u00a0 Bleu verdoyant: huile sur toile 60X50 Sous la neige: huile sur toile 60X50 Les oeufsFa: huile sur toile 60X50 Ce qui me fait peur, c&rsquo;est que les gens deviennent une opinion collective, une conscience collective. Pourtant, c&rsquo;est la diversit\u00e9 et la diff\u00e9rence qui fait de nous des \u00eatres humains, &hellip; <a href=\"https:\/\/sabinekern.ovh\/index.php\/dernieres-toiles\/\" class=\"more-link\">Continuer la lecture de <span class=\"screen-reader-text\">Derni\u00e8res toiles<\/span><\/a><\/p>\n","protected":false},"author":1,"featured_media":0,"parent":0,"menu_order":1,"comment_status":"open","ping_status":"open","template":"","meta":{"footnotes":""},"class_list":["post-272","page","type-page","status-publish","hentry"],"_links":{"self":[{"href":"https:\/\/sabinekern.ovh\/index.php\/wp-json\/wp\/v2\/pages\/272","targetHints":{"allow":["GET"]}}],"collection":[{"href":"https:\/\/sabinekern.ovh\/index.php\/wp-json\/wp\/v2\/pages"}],"about":[{"href":"https:\/\/sabinekern.ovh\/index.php\/wp-json\/wp\/v2\/types\/page"}],"author":[{"embeddable":true,"href":"https:\/\/sabinekern.ovh\/index.php\/wp-json\/wp\/v2\/users\/1"}],"replies":[{"embeddable":true,"href":"https:\/\/sabinekern.ovh\/index.php\/wp-json\/wp\/v2\/comments?post=272"}],"version-history":[{"count":1,"href":"https:\/\/sabinekern.ovh\/index.php\/wp-json\/wp\/v2\/pages\/272\/revisions"}],"predecessor-version":[{"id":291,"href":"https:\/\/sabinekern.ovh\/index.php\/wp-json\/wp\/v2\/pages\/272\/revisions\/291"}],"wp:attachment":[{"href":"https:\/\/sabinekern.ovh\/index.php\/wp-json\/wp\/v2\/media?parent=272"}],"curies":[{"name":"wp","href":"https:\/\/api.w.org\/{rel}","templated":true}]}}